{"id":13,"date":"2016-02-08T18:00:40","date_gmt":"2016-02-08T18:00:40","guid":{"rendered":"http:\/\/astrobel.de\/test\/?page_id=13"},"modified":"2022-11-21T20:48:37","modified_gmt":"2022-11-21T19:48:37","slug":"vorstand","status":"publish","type":"page","link":"https:\/\/rsc-edelweiss.de\/?page_id=13","title":{"rendered":"Rad-Tourenfahren"},"content":{"rendered":"<p><em>Wievielter bist du geworden?<\/em><\/p>\n<p>Das ist die Standardfrage der Kinder, wenn ich von einer RTF am fr\u00fchen Sonntag mittag zur\u00fcck nach Hause komme. Dann erkl\u00e4re ich, dass wir nicht um die Wette fahren, sondern dass es nur darum geht eine bestimmte Strecke zu meistern. Ich fahre Rennrad, aber kein Radrennen.<\/p>\n<p><em>Und wieso hast du dann eine Nummer auf dem R\u00fccken?<\/em><\/p>\n<p>Jetzt wird es mir zu komplizert und ich gehe lieber duschen.<\/p>\n<p>Also warum machen wir das? Sonntags morgens in aller Fr\u00fche bin ich mit VereinskollegInnen verabredet. Wir streifen Armlinge \u00fcber und fahren durch die morgendliche K\u00fchle zum RTF Start. Einer von vielen Vereinen im Rhein-Main Gebiet richtet nahezu jeden Sonntag so eine Radtourenfahrt aus. Viele ehrenamtliche HelferInnen haben am Vortag mehrere Streckenvarianten ausgeschildert. Im Start-\/Zielbereich sind Biergarnituren aufgeschlagen, es wird Kaffee und Kuchen geben und hier trifft man sich vor der Abfahrt mit vielen anderen RadsportlerInnen und tut sich in Gruppen zusammen. Dann geht es auf die Strecke. Egal ob 40, 70, 100 oder 150km: ca. alle 30 km l\u00e4dt ein Kontrollposten am Stra\u00dfenrand zu erfrischenden Getr\u00e4nken und einem Imbiss. Niemand stoppt die Zeit, aber wer will, kann hier schon z\u00fcgig unterwegs sein. Im Verband nutzen die SportlerInnen den Windschatten der Voranfahrenden, so w\u00e4chst manche\/r \u00fcber sich hinaus. Andere verbringen mehr Zeit an der Verpflegungsstelle und tauschen sich \u00fcber ihren Sport oder \u00fcber andere Dinge aus. Jedenfalls kommen alle irgendwann wieder ins Ziel. Dort gibt es jetzt auch einen Grill und nat\u00fcrlich gute Getr\u00e4nke. Und wieder viele Gleichgesinnte. Manche haben eine Wertungskarte und lassen sich f\u00fcr die gefahrenen Kilometer jetzt Punkte eintragen. Am Ende des Jahres ist das ein sch\u00f6ner R\u00fcckblick auf die Saison. Es reicht allerdings nicht, die Augen meiner Kinder mit Tr\u00e4nen vor Stolz zu f\u00fcllen. Geschenkt<\/p>\n<p>Beim RSC Edelwei\u00df gibt es eine starke Gruppe von RTF FahrerInnen. Frauen und M\u00e4nner motivieren sich Sonntag f\u00fcr Sonntag aufs Neue. Wir selbst richten eine solche Veranstaltung schon seit Jahrzehnten aus. Wir nennen sie Main-Rhein-Main Rundfahrt und f\u00fchren die TeilnehmerInnen von Frankfurt Niederrad aus \u00fcber den Rhein bis nach Rheinhessen. Seit 2016 bieten wir\u00a0im Rahmen des HessenCups auch eine Marathonstrecke mit 220km an. Die LangstrecklerInnen fahren bis tief in die Rheinhessische Schweiz und wieder zur\u00fcck. Kleiner Verein &#8211; gro\u00dfe Aufgabe.<\/p>\n<p>Alle Informationen dazu gibt es <a href=\"http:\/\/rsc-edelweiss.de\/?page_id=92\" target=\"_blank\" rel=\"noopener noreferrer\">hier<\/a>.<\/p>\n<p>Unsere Trainingsangebote sind: jeden Dienstag um 18.00h. Da treffen wir uns auf dem Gel\u00e4nde der TSG in Niederrad, Hahnstra\u00dfe 76, und fahren gemeinsam 50 &#8211; 60km durch den Vordertaunus.<\/p>\n<p>Au\u00dferdem fahren solche, die tags\u00fcber Zeit haben, donnerstags um 10:ooh und treffen sich daf\u00fcr an der Endstation der Stra\u00dfenbahnlinie 12 in Schwanheim.<\/p>\n","protected":false},"excerpt":{"rendered":"<p>Wievielter bist du geworden? Das ist die Standardfrage der Kinder, wenn ich von einer RTF am fr\u00fchen Sonntag mittag zur\u00fcck nach Hause komme. Dann erkl\u00e4re ich, dass wir nicht um die Wette fahren, sondern dass es nur darum geht eine bestimmte Strecke zu meistern. Ich fahre Rennrad, aber kein Radrennen. Und wieso hast du dann &hellip; <a href=\"https:\/\/rsc-edelweiss.de\/?page_id=13\" class=\"more-link\"><span class=\"screen-reader-text\">Rad-Tourenfahren<\/span> weiterlesen <span class=\"meta-nav\">&rarr;<\/span><\/a><\/p>\n","protected":false},"author":7,"featured_media":0,"parent":0,"menu_order":6,"comment_status":"closed","ping_status":"closed","template":"","meta":{"footnotes":""},"_links":{"self":[{"href":"https:\/\/rsc-edelweiss.de\/index.php?rest_route=\/wp\/v2\/pages\/13"}],"collection":[{"href":"https:\/\/rsc-edelweiss.de\/index.php?rest_route=\/wp\/v2\/pages"}],"about":[{"href":"https:\/\/rsc-edelweiss.de\/index.php?rest_route=\/wp\/v2\/types\/page"}],"author":[{"embeddable":true,"href":"https:\/\/rsc-edelweiss.de\/index.php?rest_route=\/wp\/v2\/users\/7"}],"replies":[{"embeddable":true,"href":"https:\/\/rsc-edelweiss.de\/index.php?rest_route=%2Fwp%2Fv2%2Fcomments&post=13"}],"version-history":[{"count":23,"href":"https:\/\/rsc-edelweiss.de\/index.php?rest_route=\/wp\/v2\/pages\/13\/revisions"}],"predecessor-version":[{"id":2729,"href":"https:\/\/rsc-edelweiss.de\/index.php?rest_route=\/wp\/v2\/pages\/13\/revisions\/2729"}],"wp:attachment":[{"href":"https:\/\/rsc-edelweiss.de\/index.php?rest_route=%2Fwp%2Fv2%2Fmedia&parent=13"}],"curies":[{"name":"wp","href":"https:\/\/api.w.org\/{rel}","templated":true}]}}