{"id":2161,"date":"2019-10-22T11:10:06","date_gmt":"2019-10-22T09:10:06","guid":{"rendered":"http:\/\/rsc-edelweiss.de\/?page_id=2161"},"modified":"2023-03-02T13:38:44","modified_gmt":"2023-03-02T12:38:44","slug":"5-runde-um-den-frankfurter-flughafen-ein-rueckblick","status":"publish","type":"page","link":"https:\/\/rsc-edelweiss.de\/?page_id=2161","title":{"rendered":"R\u00fcckblick: 5. Runde um den Frankfurter Flughafen (AD 2019)"},"content":{"rendered":"\n<p>Es ist dunkel und kalt und noch l\u00e4ngst nicht 7.00h als ich mich am \nfr\u00fchen Morgen unserer edelwei\u00dfen CTF mit Max am Naturfreundehaus in \nNiederrad treffe. Wir fahren die 38km und 46km Strecke nochmal ab, um \nggf. fehlende oder zerst\u00f6rte (das kommt leider vor) Schilder zu \nerg\u00e4nzen. Im Licht der Scheinwerfer erleben wir unsere Strecke ganz neu.\n Die Markierungen passen gro\u00dfenteils&nbsp; und wir kommen gut voran. Am \nFlughafen ist Bodennebel und die Sonne geht auf. Das wird ein guter Tag.\n Max verabschiedet sich auf die l\u00e4ngere Runde. Er wird gestern und heute\n auf 180 Streckenkilometer kommen.<\/p>\n\n\n\n<figure class=\"wp-block-image\"><a href=\"http:\/\/rsc-edelweiss.de\/wp-content\/uploads\/2019\/02\/IMG_1416.jpg\" target=\"_blank\" rel=\"noreferrer noopener\"><img loading=\"lazy\" decoding=\"async\" width=\"4032\" height=\"3024\" src=\"http:\/\/rsc-edelweiss.de\/wp-content\/uploads\/2019\/02\/IMG_1416.jpg\" alt=\"\" class=\"wp-image-1938\" srcset=\"https:\/\/rsc-edelweiss.de\/wp-content\/uploads\/2019\/02\/IMG_1416.jpg 4032w, https:\/\/rsc-edelweiss.de\/wp-content\/uploads\/2019\/02\/IMG_1416-300x225.jpg 300w, https:\/\/rsc-edelweiss.de\/wp-content\/uploads\/2019\/02\/IMG_1416-768x576.jpg 768w, https:\/\/rsc-edelweiss.de\/wp-content\/uploads\/2019\/02\/IMG_1416-1024x768.jpg 1024w\" sizes=\"(max-width: 4032px) 100vw, 4032px\" \/><\/a><figcaption class=\"wp-element-caption\">Vorbereitung ist alles<\/figcaption><\/figure>\n\n\n\n<p>W\u00e4hrenddessen l\u00e4uft im Naturfreundehaus die Start\/Ziel Routine an: \nKaffeemaschinen werden gestartet, dutzende selbstgebackene Kuchen \ngeschnitten, ScanBike Computer und unser Checkin-Classic sind gut \nbesetzt, um dem erwarteten Ansturm gerecht zu werden. Viele HelferInnen \nan allen Ecken und Enden.<\/p>\n\n\n\n<figure class=\"wp-block-image\"><a href=\"http:\/\/rsc-edelweiss.de\/wp-content\/uploads\/2019\/02\/IMG_1427.jpg\" target=\"_blank\" rel=\"noreferrer noopener\"><img loading=\"lazy\" decoding=\"async\" width=\"4032\" height=\"3024\" src=\"http:\/\/rsc-edelweiss.de\/wp-content\/uploads\/2019\/02\/IMG_1427.jpg\" alt=\"\" class=\"wp-image-1940\" srcset=\"https:\/\/rsc-edelweiss.de\/wp-content\/uploads\/2019\/02\/IMG_1427.jpg 4032w, https:\/\/rsc-edelweiss.de\/wp-content\/uploads\/2019\/02\/IMG_1427-300x225.jpg 300w, https:\/\/rsc-edelweiss.de\/wp-content\/uploads\/2019\/02\/IMG_1427-768x576.jpg 768w, https:\/\/rsc-edelweiss.de\/wp-content\/uploads\/2019\/02\/IMG_1427-1024x768.jpg 1024w\" sizes=\"(max-width: 4032px) 100vw, 4032px\" \/><\/a><figcaption class=\"wp-element-caption\">Volles Haus<\/figcaption><\/figure>\n\n\n\n<p>Auch die Aktiven an den Streckenkontrollen schmieren zeitig Brote, \nschneiden Bananen und kochen Tee und Br\u00fche. Bei Temperaturen um den \nGefrierpunkt stellen sie \u00fcber mehrere Stunden die Verpflegung des \nStarterfeldes sicher.<\/p>\n\n\n\n<figure class=\"wp-block-image\"><a href=\"http:\/\/rsc-edelweiss.de\/wp-content\/uploads\/2019\/02\/PHOTO-2019-02-17-09-12-57.jpg\" target=\"_blank\" rel=\"noreferrer noopener\"><img loading=\"lazy\" decoding=\"async\" width=\"1600\" height=\"1200\" src=\"http:\/\/rsc-edelweiss.de\/wp-content\/uploads\/2019\/02\/PHOTO-2019-02-17-09-12-57.jpg\" alt=\"\" class=\"wp-image-1935\" srcset=\"https:\/\/rsc-edelweiss.de\/wp-content\/uploads\/2019\/02\/PHOTO-2019-02-17-09-12-57.jpg 1600w, https:\/\/rsc-edelweiss.de\/wp-content\/uploads\/2019\/02\/PHOTO-2019-02-17-09-12-57-300x225.jpg 300w, https:\/\/rsc-edelweiss.de\/wp-content\/uploads\/2019\/02\/PHOTO-2019-02-17-09-12-57-768x576.jpg 768w, https:\/\/rsc-edelweiss.de\/wp-content\/uploads\/2019\/02\/PHOTO-2019-02-17-09-12-57-1024x768.jpg 1024w\" sizes=\"(max-width: 1600px) 100vw, 1600px\" \/><\/a><figcaption class=\"wp-element-caption\">Cool, die BoFrost AG<\/figcaption><\/figure>\n\n\n\n<p>Als ich von meiner Kontrollrunde zur\u00fcckkomme, \u00fcberw\u00e4ltigt mich die \nResonanz. Der sch\u00f6ne Garten unseres Start\/Ziel-Gel\u00e4ndes ist voll mit \nbunten SportlerInnen. Am CheckIn gibt es zwar kurzfristig Stau aber die \nStimmung an so einem Sonntag morgen f\u00fchlt sich gut an.<\/p>\n\n\n\n<figure class=\"wp-block-image\"><a href=\"http:\/\/rsc-edelweiss.de\/wp-content\/uploads\/2019\/02\/IMG_1428.jpg\" target=\"_blank\" rel=\"noreferrer noopener\"><img loading=\"lazy\" decoding=\"async\" width=\"4032\" height=\"3024\" src=\"http:\/\/rsc-edelweiss.de\/wp-content\/uploads\/2019\/02\/IMG_1428.jpg\" alt=\"\" class=\"wp-image-1937\" srcset=\"https:\/\/rsc-edelweiss.de\/wp-content\/uploads\/2019\/02\/IMG_1428.jpg 4032w, https:\/\/rsc-edelweiss.de\/wp-content\/uploads\/2019\/02\/IMG_1428-300x225.jpg 300w, https:\/\/rsc-edelweiss.de\/wp-content\/uploads\/2019\/02\/IMG_1428-768x576.jpg 768w, https:\/\/rsc-edelweiss.de\/wp-content\/uploads\/2019\/02\/IMG_1428-1024x768.jpg 1024w\" sizes=\"(max-width: 4032px) 100vw, 4032px\" \/><\/a><figcaption class=\"wp-element-caption\">Wohl dem, der einen sch\u00f6nen Garten hat<\/figcaption><\/figure>\n\n\n\n<p>Ich gehe Erbsensuppe und W\u00fcrstchen erw\u00e4rmen. In der kleinen K\u00fcche \ngeht es zu wie im Bienenstock.&nbsp; Mit Kaffeekochen kommen wir kaum nach. \nSp\u00e4ter werden die Suppent\u00f6pfe bis zum letzten Teller geleert sein. Das \nBier wird irgendwann knapp, wir sind praktisch ausverkauft.<\/p>\n\n\n\n<figure class=\"wp-block-image\"><a href=\"http:\/\/rsc-edelweiss.de\/wp-content\/uploads\/2019\/02\/IMG_0479.jpg\" target=\"_blank\" rel=\"noreferrer noopener\"><img loading=\"lazy\" decoding=\"async\" width=\"2400\" height=\"1600\" src=\"http:\/\/rsc-edelweiss.de\/wp-content\/uploads\/2019\/02\/IMG_0479.jpg\" alt=\"\" class=\"wp-image-1929\" srcset=\"https:\/\/rsc-edelweiss.de\/wp-content\/uploads\/2019\/02\/IMG_0479.jpg 2400w, https:\/\/rsc-edelweiss.de\/wp-content\/uploads\/2019\/02\/IMG_0479-300x200.jpg 300w, https:\/\/rsc-edelweiss.de\/wp-content\/uploads\/2019\/02\/IMG_0479-768x512.jpg 768w, https:\/\/rsc-edelweiss.de\/wp-content\/uploads\/2019\/02\/IMG_0479-1024x683.jpg 1024w\" sizes=\"(max-width: 2400px) 100vw, 2400px\" \/><\/a><figcaption class=\"wp-element-caption\">Apres Bike<\/figcaption><\/figure>\n\n\n\n<p>Sp\u00e4tnachmittags kommen die letzten Abschilderer zur\u00fcck. Alle sind \nfroh, dass alles gut geklappt hat, aber die Ersch\u00f6pfung nach so einem \nlangen Tag ist auch sp\u00fcrbar. Wir sind ein kleiner Verein und eine \nVeranstaltung in dieser Gr\u00f6\u00dfenordnung bringt uns an die Grenze dessen, \nwas das Edelwei\u00df-Team leisten kann.<\/p>\n\n\n\n<figure class=\"wp-block-image\"><a href=\"http:\/\/rsc-edelweiss.de\/wp-content\/uploads\/2019\/02\/IMG_0481-e1550426005880.jpg\" target=\"_blank\" rel=\"noreferrer noopener\"><img loading=\"lazy\" decoding=\"async\" width=\"1518\" height=\"1128\" src=\"http:\/\/rsc-edelweiss.de\/wp-content\/uploads\/2019\/02\/IMG_0481-e1550426005880.jpg\" alt=\"\" class=\"wp-image-1927\" srcset=\"https:\/\/rsc-edelweiss.de\/wp-content\/uploads\/2019\/02\/IMG_0481-e1550426005880.jpg 1518w, https:\/\/rsc-edelweiss.de\/wp-content\/uploads\/2019\/02\/IMG_0481-e1550426005880-300x223.jpg 300w, https:\/\/rsc-edelweiss.de\/wp-content\/uploads\/2019\/02\/IMG_0481-e1550426005880-768x571.jpg 768w, https:\/\/rsc-edelweiss.de\/wp-content\/uploads\/2019\/02\/IMG_0481-e1550426005880-1024x761.jpg 1024w\" sizes=\"(max-width: 1518px) 100vw, 1518px\" \/><\/a><figcaption class=\"wp-element-caption\">Abwasch<\/figcaption><\/figure>\n\n\n\n<p>Wir sind gl\u00fccklich \u00fcber die durchweg begeisterte Resonanz, sehen \nviele zufriedene Gesichter an den Biertischen im Garten, mit der Nase in\n der Februarsonne \u2013 so ein gelungener Tag zahlt einem die vielen Stunden\n und Kilometer der Vorbereitung zur\u00fcck.<\/p>\n\n\n\n<figure class=\"wp-block-image\"><a href=\"http:\/\/rsc-edelweiss.de\/wp-content\/uploads\/2019\/02\/IMG_0488-e1550478790912.jpg\" target=\"_blank\" rel=\"noreferrer noopener\"><img loading=\"lazy\" decoding=\"async\" width=\"2010\" height=\"1440\" src=\"http:\/\/rsc-edelweiss.de\/wp-content\/uploads\/2019\/02\/IMG_0488-e1550478790912.jpg\" alt=\"\" class=\"wp-image-1924\" srcset=\"https:\/\/rsc-edelweiss.de\/wp-content\/uploads\/2019\/02\/IMG_0488-e1550478790912.jpg 2010w, https:\/\/rsc-edelweiss.de\/wp-content\/uploads\/2019\/02\/IMG_0488-e1550478790912-300x215.jpg 300w, https:\/\/rsc-edelweiss.de\/wp-content\/uploads\/2019\/02\/IMG_0488-e1550478790912-768x550.jpg 768w, https:\/\/rsc-edelweiss.de\/wp-content\/uploads\/2019\/02\/IMG_0488-e1550478790912-1024x734.jpg 1024w\" sizes=\"(max-width: 2010px) 100vw, 2010px\" \/><\/a><figcaption class=\"wp-element-caption\">Verdienter Lohn<\/figcaption><\/figure>\n\n\n\n<p>Danke allen HelferInnen und dem freundlichen Publikum. Ich habe das \nGef\u00fchl, wir holen jetzt mal Luft und machen uns dann mit frischer Kraft \nan die <a href=\"http:\/\/rsc-edelweiss.de\/?page_id=92\" target=\"_blank\" rel=\"noreferrer noopener\">Main-Rhein-Main-Rundfahrt<\/a> \u2013 das ist unsere RTF im Sommer. Wir sehen uns.<\/p>\n","protected":false},"excerpt":{"rendered":"<p>Es ist dunkel und kalt und noch l\u00e4ngst nicht 7.00h als ich mich am fr\u00fchen Morgen unserer edelwei\u00dfen CTF mit Max am Naturfreundehaus in Niederrad treffe. Wir fahren die 38km und 46km Strecke nochmal ab, um ggf. fehlende oder zerst\u00f6rte (das kommt leider vor) Schilder zu erg\u00e4nzen. Im Licht der Scheinwerfer erleben wir unsere Strecke &hellip; <a href=\"https:\/\/rsc-edelweiss.de\/?page_id=2161\" class=\"more-link\"><span class=\"screen-reader-text\">R\u00fcckblick: 5. Runde um den Frankfurter Flughafen (AD 2019)<\/span> weiterlesen <span class=\"meta-nav\">&rarr;<\/span><\/a><\/p>\n","protected":false},"author":3,"featured_media":1936,"parent":38,"menu_order":14,"comment_status":"closed","ping_status":"closed","template":"page-templates\/full-width.php","meta":{"footnotes":""},"_links":{"self":[{"href":"https:\/\/rsc-edelweiss.de\/index.php?rest_route=\/wp\/v2\/pages\/2161"}],"collection":[{"href":"https:\/\/rsc-edelweiss.de\/index.php?rest_route=\/wp\/v2\/pages"}],"about":[{"href":"https:\/\/rsc-edelweiss.de\/index.php?rest_route=\/wp\/v2\/types\/page"}],"author":[{"embeddable":true,"href":"https:\/\/rsc-edelweiss.de\/index.php?rest_route=\/wp\/v2\/users\/3"}],"replies":[{"embeddable":true,"href":"https:\/\/rsc-edelweiss.de\/index.php?rest_route=%2Fwp%2Fv2%2Fcomments&post=2161"}],"version-history":[{"count":4,"href":"https:\/\/rsc-edelweiss.de\/index.php?rest_route=\/wp\/v2\/pages\/2161\/revisions"}],"predecessor-version":[{"id":2577,"href":"https:\/\/rsc-edelweiss.de\/index.php?rest_route=\/wp\/v2\/pages\/2161\/revisions\/2577"}],"up":[{"embeddable":true,"href":"https:\/\/rsc-edelweiss.de\/index.php?rest_route=\/wp\/v2\/pages\/38"}],"wp:featuredmedia":[{"embeddable":true,"href":"https:\/\/rsc-edelweiss.de\/index.php?rest_route=\/wp\/v2\/media\/1936"}],"wp:attachment":[{"href":"https:\/\/rsc-edelweiss.de\/index.php?rest_route=%2Fwp%2Fv2%2Fmedia&parent=2161"}],"curies":[{"name":"wp","href":"https:\/\/api.w.org\/{rel}","templated":true}]}}