{"id":53,"date":"2016-02-10T10:33:41","date_gmt":"2016-02-10T10:33:41","guid":{"rendered":"http:\/\/astrobel.de\/test\/?page_id=53"},"modified":"2022-11-02T10:36:02","modified_gmt":"2022-11-02T09:36:02","slug":"wanderfahren","status":"publish","type":"page","link":"https:\/\/rsc-edelweiss.de\/?page_id=53","title":{"rendered":"Wanderfahren"},"content":{"rendered":"<figure id=\"attachment_543\" aria-describedby=\"caption-attachment-543\" style=\"width: 750px\" class=\"wp-caption alignnone\"><a href=\"http:\/\/rsc-edelweiss.de\/wp-content\/uploads\/2016\/03\/baerlauch.jpeg\"><img loading=\"lazy\" decoding=\"async\" class=\"wp-image-543 size-full\" src=\"http:\/\/rsc-edelweiss.de\/wp-content\/uploads\/2016\/03\/baerlauch.jpeg\" width=\"750\" height=\"1000\" \/><\/a><figcaption id=\"caption-attachment-543\" class=\"wp-caption-text\">da wird auch unterwegs schonmal was geerntet<\/figcaption><\/figure>\n<p>Unsere Abteilung &#8222;Wanderfahren&#8220; bem\u00fcht sich auch f\u00fcr die nicht ganz so ambitionierten Radsporter ein angemessenes Angebot zu machen. Wir fahren w\u00e4hrend der Sommerzeit regelm\u00e4\u00dfig dienstags von 18:00 bis 20:00 auf Wegen ohne Automobilverkehr im Frankfurter S\u00fcden so zwischen 25 und 35 km. An einigen Tagen unternehmen wir auch Ganztagesfahrten.<\/p>\n<h5><\/h5>\n","protected":false},"excerpt":{"rendered":"<p>Unsere Abteilung &#8222;Wanderfahren&#8220; bem\u00fcht sich auch f\u00fcr die nicht ganz so ambitionierten Radsporter ein angemessenes Angebot zu machen. Wir fahren w\u00e4hrend der Sommerzeit regelm\u00e4\u00dfig dienstags von 18:00 bis 20:00 auf Wegen ohne Automobilverkehr im Frankfurter S\u00fcden so zwischen 25 und 35 km. An einigen Tagen unternehmen wir auch Ganztagesfahrten.<\/p>\n","protected":false},"author":7,"featured_media":0,"parent":0,"menu_order":12,"comment_status":"closed","ping_status":"closed","template":"","meta":{"footnotes":""},"_links":{"self":[{"href":"https:\/\/rsc-edelweiss.de\/index.php?rest_route=\/wp\/v2\/pages\/53"}],"collection":[{"href":"https:\/\/rsc-edelweiss.de\/index.php?rest_route=\/wp\/v2\/pages"}],"about":[{"href":"https:\/\/rsc-edelweiss.de\/index.php?rest_route=\/wp\/v2\/types\/page"}],"author":[{"embeddable":true,"href":"https:\/\/rsc-edelweiss.de\/index.php?rest_route=\/wp\/v2\/users\/7"}],"replies":[{"embeddable":true,"href":"https:\/\/rsc-edelweiss.de\/index.php?rest_route=%2Fwp%2Fv2%2Fcomments&post=53"}],"version-history":[{"count":12,"href":"https:\/\/rsc-edelweiss.de\/index.php?rest_route=\/wp\/v2\/pages\/53\/revisions"}],"predecessor-version":[{"id":2443,"href":"https:\/\/rsc-edelweiss.de\/index.php?rest_route=\/wp\/v2\/pages\/53\/revisions\/2443"}],"wp:attachment":[{"href":"https:\/\/rsc-edelweiss.de\/index.php?rest_route=%2Fwp%2Fv2%2Fmedia&parent=53"}],"curies":[{"name":"wp","href":"https:\/\/api.w.org\/{rel}","templated":true}]}}