{"id":90,"date":"2016-02-10T13:33:39","date_gmt":"2016-02-10T13:33:39","guid":{"rendered":"http:\/\/astrobel.de\/test\/?page_id=90"},"modified":"2026-02-09T14:27:05","modified_gmt":"2026-02-09T13:27:05","slug":"ctf-runde-um-den-flughafen","status":"publish","type":"page","link":"https:\/\/rsc-edelweiss.de\/?page_id=90","title":{"rendered":"Edelwei\u00df CTF &#8222;Runde um den Frankfurter Flughafen&#8220; am 8. Februar 2026"},"content":{"rendered":"\n<h4 class=\"wp-block-heading\">Willkommen auf der Website mit allen Infos \u00fcber die edelwei\u00dfe CTF.<\/h4>\n\n\n\n<p>Vielen Dank f\u00fcr euer zahlreiches Kommen zu unserer CTF &#8222;Runde um den Frankfurter Flughafen&#8220;.  Alle aktiven Edelwei\u00dfe hatten gro\u00dfe Freude daran, dass so viele zu unserem Winterevent gekommen sind. Es war viel Arbeit aber wir haben gesp\u00fcrt, dass unser Angebot mit viel Anerkennung angenommen wurde. Wir hoffen, alle sind gesund nach Hause gekommen und sehen uns gern bei den kommenden hessischen Breitensportveranstaltungen 2026!<\/p>\n\n\n\n<figure class=\"wp-block-gallery has-nested-images columns-default is-cropped wp-block-gallery-1 is-layout-flex wp-block-gallery-is-layout-flex\">\n<figure data-wp-context=\"{ &quot;core&quot;:\n\t\t\t\t{ &quot;image&quot;:\n\t\t\t\t\t{   &quot;imageLoaded&quot;: false,\n\t\t\t\t\t\t&quot;initialized&quot;: false,\n\t\t\t\t\t\t&quot;lightboxEnabled&quot;: false,\n\t\t\t\t\t\t&quot;hideAnimationEnabled&quot;: false,\n\t\t\t\t\t\t&quot;preloadInitialized&quot;: false,\n\t\t\t\t\t\t&quot;lightboxAnimation&quot;: &quot;zoom&quot;,\n\t\t\t\t\t\t&quot;imageUploadedSrc&quot;: &quot;https:\/\/rsc-edelweiss.de\/wp-content\/uploads\/2026\/02\/gadde_klein.jpg&quot;,\n\t\t\t\t\t\t&quot;imageCurrentSrc&quot;: &quot;&quot;,\n\t\t\t\t\t\t&quot;targetWidth&quot;: &quot;1701&quot;,\n\t\t\t\t\t\t&quot;targetHeight&quot;: &quot;1276&quot;,\n\t\t\t\t\t\t&quot;scaleAttr&quot;: &quot;&quot;,\n\t\t\t\t\t\t&quot;dialogLabel&quot;: &quot;Vergr\u00f6\u00dfertes Bild&quot;\n\t\t\t\t\t}\n\t\t\t\t}\n\t\t\t}\" data-wp-interactive class=\"wp-block-image size-large wp-lightbox-container\"><img loading=\"lazy\" decoding=\"async\" width=\"1024\" height=\"768\" data-wp-effect--setStylesOnResize=\"effects.core.image.setStylesOnResize\" data-wp-effect=\"effects.core.image.setButtonStyles\" data-wp-init=\"effects.core.image.initOriginImage\" data-wp-on--click=\"actions.core.image.showLightbox\" data-wp-on--load=\"actions.core.image.handleLoad\" data-id=\"3012\" src=\"https:\/\/rsc-edelweiss.de\/wp-content\/uploads\/2026\/02\/gadde_klein-1024x768.jpg\" alt=\"\" class=\"wp-image-3012\" srcset=\"https:\/\/rsc-edelweiss.de\/wp-content\/uploads\/2026\/02\/gadde_klein-1024x768.jpg 1024w, https:\/\/rsc-edelweiss.de\/wp-content\/uploads\/2026\/02\/gadde_klein-300x225.jpg 300w, https:\/\/rsc-edelweiss.de\/wp-content\/uploads\/2026\/02\/gadde_klein-768x576.jpg 768w, https:\/\/rsc-edelweiss.de\/wp-content\/uploads\/2026\/02\/gadde_klein-1536x1152.jpg 1536w, https:\/\/rsc-edelweiss.de\/wp-content\/uploads\/2026\/02\/gadde_klein.jpg 1701w\" sizes=\"(max-width: 1024px) 100vw, 1024px\" \/><button\n\t\t\tclass=\"lightbox-trigger\"\n\t\t\ttype=\"button\"\n\t\t\taria-haspopup=\"dialog\"\n\t\t\taria-label=\"Bild vergr\u00f6\u00dfern\"\n\t\t\tdata-wp-on--click=\"actions.core.image.showLightbox\"\n\t\t\tdata-wp-style--right=\"context.core.image.imageButtonRight\"\n\t\t\tdata-wp-style--top=\"context.core.image.imageButtonTop\"\n\t\t>\n\t\t\t<svg xmlns=\"http:\/\/www.w3.org\/2000\/svg\" width=\"12\" height=\"12\" fill=\"none\" viewBox=\"0 0 12 12\">\n\t\t\t\t<path fill=\"#fff\" d=\"M2 0a2 2 0 0 0-2 2v2h1.5V2a.5.5 0 0 1 .5-.5h2V0H2Zm2 10.5H2a.5.5 0 0 1-.5-.5V8H0v2a2 2 0 0 0 2 2h2v-1.5ZM8 12v-1.5h2a.5.5 0 0 0 .5-.5V8H12v2a2 2 0 0 1-2 2H8Zm2-12a2 2 0 0 1 2 2v2h-1.5V2a.5.5 0 0 0-.5-.5H8V0h2Z\" \/>\n\t\t\t<\/svg>\n\t\t<\/button><figcaption class=\"wp-element-caption\">Fr\u00fche V\u00f6gel<\/figcaption>        <div data-wp-body=\"\" class=\"wp-lightbox-overlay zoom\"\n            data-wp-bind--role=\"selectors.core.image.roleAttribute\"\n            data-wp-bind--aria-label=\"selectors.core.image.dialogLabel\"\n            data-wp-class--initialized=\"context.core.image.initialized\"\n            data-wp-class--active=\"context.core.image.lightboxEnabled\"\n            data-wp-class--hideAnimationEnabled=\"context.core.image.hideAnimationEnabled\"\n            data-wp-bind--aria-modal=\"selectors.core.image.ariaModal\"\n            data-wp-effect=\"effects.core.image.initLightbox\"\n            data-wp-on--keydown=\"actions.core.image.handleKeydown\"\n            data-wp-on--touchstart=\"actions.core.image.handleTouchStart\"\n            data-wp-on--touchmove=\"actions.core.image.handleTouchMove\"\n            data-wp-on--touchend=\"actions.core.image.handleTouchEnd\"\n            data-wp-on--click=\"actions.core.image.hideLightbox\"\n            tabindex=\"-1\"\n            >\n                <button type=\"button\" aria-label=\"Schlie\u00dfen\" style=\"fill: #000\" class=\"close-button\" data-wp-on--click=\"actions.core.image.hideLightbox\">\n                    <svg xmlns=\"http:\/\/www.w3.org\/2000\/svg\" viewBox=\"0 0 24 24\" width=\"20\" height=\"20\" aria-hidden=\"true\" focusable=\"false\"><path d=\"M13 11.8l6.1-6.3-1-1-6.1 6.2-6.1-6.2-1 1 6.1 6.3-6.5 6.7 1 1 6.5-6.6 6.5 6.6 1-1z\"><\/path><\/svg>\n                <\/button>\n                <div class=\"lightbox-image-container\">\n<figure class=\"wp-block-image size-large responsive-image\"><img decoding=\"async\" data-wp-bind--src=\"context.core.image.imageCurrentSrc\" data-wp-style--object-fit=\"selectors.core.image.lightboxObjectFit\" data-id=\"3012\" src=\"\" alt=\"\" class=\"wp-image-3012\"\/><figcaption class=\"wp-element-caption\">Fr\u00fche V\u00f6gel<\/figcaption><\/figure>\n<\/div>\n                <div class=\"lightbox-image-container\">\n<figure class=\"wp-block-image size-large enlarged-image\"><img decoding=\"async\" data-wp-bind--src=\"selectors.core.image.enlargedImgSrc\" data-wp-style--object-fit=\"selectors.core.image.lightboxObjectFit\" data-id=\"3012\" src=\"\" alt=\"\" class=\"wp-image-3012\"\/><figcaption class=\"wp-element-caption\">Fr\u00fche V\u00f6gel<\/figcaption><\/figure>\n<\/div>\n                <div class=\"scrim\" style=\"background-color: #fff\" aria-hidden=\"true\"><\/div>\n        <\/div><\/figure>\n\n\n\n<figure data-wp-context=\"{ &quot;core&quot;:\n\t\t\t\t{ &quot;image&quot;:\n\t\t\t\t\t{   &quot;imageLoaded&quot;: false,\n\t\t\t\t\t\t&quot;initialized&quot;: false,\n\t\t\t\t\t\t&quot;lightboxEnabled&quot;: false,\n\t\t\t\t\t\t&quot;hideAnimationEnabled&quot;: false,\n\t\t\t\t\t\t&quot;preloadInitialized&quot;: false,\n\t\t\t\t\t\t&quot;lightboxAnimation&quot;: &quot;zoom&quot;,\n\t\t\t\t\t\t&quot;imageUploadedSrc&quot;: &quot;https:\/\/rsc-edelweiss.de\/wp-content\/uploads\/2026\/02\/kaercher-klein.jpg&quot;,\n\t\t\t\t\t\t&quot;imageCurrentSrc&quot;: &quot;&quot;,\n\t\t\t\t\t\t&quot;targetWidth&quot;: &quot;1701&quot;,\n\t\t\t\t\t\t&quot;targetHeight&quot;: &quot;1352&quot;,\n\t\t\t\t\t\t&quot;scaleAttr&quot;: &quot;&quot;,\n\t\t\t\t\t\t&quot;dialogLabel&quot;: &quot;Vergr\u00f6\u00dfertes Bild&quot;\n\t\t\t\t\t}\n\t\t\t\t}\n\t\t\t}\" data-wp-interactive class=\"wp-block-image size-large wp-lightbox-container\"><img loading=\"lazy\" decoding=\"async\" width=\"1024\" height=\"814\" data-wp-effect--setStylesOnResize=\"effects.core.image.setStylesOnResize\" data-wp-effect=\"effects.core.image.setButtonStyles\" data-wp-init=\"effects.core.image.initOriginImage\" data-wp-on--click=\"actions.core.image.showLightbox\" data-wp-on--load=\"actions.core.image.handleLoad\" data-id=\"3011\" src=\"https:\/\/rsc-edelweiss.de\/wp-content\/uploads\/2026\/02\/kaercher-klein-1024x814.jpg\" alt=\"\" class=\"wp-image-3011\" srcset=\"https:\/\/rsc-edelweiss.de\/wp-content\/uploads\/2026\/02\/kaercher-klein-1024x814.jpg 1024w, https:\/\/rsc-edelweiss.de\/wp-content\/uploads\/2026\/02\/kaercher-klein-300x238.jpg 300w, https:\/\/rsc-edelweiss.de\/wp-content\/uploads\/2026\/02\/kaercher-klein-768x610.jpg 768w, https:\/\/rsc-edelweiss.de\/wp-content\/uploads\/2026\/02\/kaercher-klein-1536x1221.jpg 1536w, https:\/\/rsc-edelweiss.de\/wp-content\/uploads\/2026\/02\/kaercher-klein.jpg 1701w\" sizes=\"(max-width: 1024px) 100vw, 1024px\" \/><button\n\t\t\tclass=\"lightbox-trigger\"\n\t\t\ttype=\"button\"\n\t\t\taria-haspopup=\"dialog\"\n\t\t\taria-label=\"Bild vergr\u00f6\u00dfern\"\n\t\t\tdata-wp-on--click=\"actions.core.image.showLightbox\"\n\t\t\tdata-wp-style--right=\"context.core.image.imageButtonRight\"\n\t\t\tdata-wp-style--top=\"context.core.image.imageButtonTop\"\n\t\t>\n\t\t\t<svg xmlns=\"http:\/\/www.w3.org\/2000\/svg\" width=\"12\" height=\"12\" fill=\"none\" viewBox=\"0 0 12 12\">\n\t\t\t\t<path fill=\"#fff\" d=\"M2 0a2 2 0 0 0-2 2v2h1.5V2a.5.5 0 0 1 .5-.5h2V0H2Zm2 10.5H2a.5.5 0 0 1-.5-.5V8H0v2a2 2 0 0 0 2 2h2v-1.5ZM8 12v-1.5h2a.5.5 0 0 0 .5-.5V8H12v2a2 2 0 0 1-2 2H8Zm2-12a2 2 0 0 1 2 2v2h-1.5V2a.5.5 0 0 0-.5-.5H8V0h2Z\" \/>\n\t\t\t<\/svg>\n\t\t<\/button><figcaption class=\"wp-element-caption\">Unterbodenw\u00e4sche<\/figcaption>        <div data-wp-body=\"\" class=\"wp-lightbox-overlay zoom\"\n            data-wp-bind--role=\"selectors.core.image.roleAttribute\"\n            data-wp-bind--aria-label=\"selectors.core.image.dialogLabel\"\n            data-wp-class--initialized=\"context.core.image.initialized\"\n            data-wp-class--active=\"context.core.image.lightboxEnabled\"\n            data-wp-class--hideAnimationEnabled=\"context.core.image.hideAnimationEnabled\"\n            data-wp-bind--aria-modal=\"selectors.core.image.ariaModal\"\n            data-wp-effect=\"effects.core.image.initLightbox\"\n            data-wp-on--keydown=\"actions.core.image.handleKeydown\"\n            data-wp-on--touchstart=\"actions.core.image.handleTouchStart\"\n            data-wp-on--touchmove=\"actions.core.image.handleTouchMove\"\n            data-wp-on--touchend=\"actions.core.image.handleTouchEnd\"\n            data-wp-on--click=\"actions.core.image.hideLightbox\"\n            tabindex=\"-1\"\n            >\n                <button type=\"button\" aria-label=\"Schlie\u00dfen\" style=\"fill: #000\" class=\"close-button\" data-wp-on--click=\"actions.core.image.hideLightbox\">\n                    <svg xmlns=\"http:\/\/www.w3.org\/2000\/svg\" viewBox=\"0 0 24 24\" width=\"20\" height=\"20\" aria-hidden=\"true\" focusable=\"false\"><path d=\"M13 11.8l6.1-6.3-1-1-6.1 6.2-6.1-6.2-1 1 6.1 6.3-6.5 6.7 1 1 6.5-6.6 6.5 6.6 1-1z\"><\/path><\/svg>\n                <\/button>\n                <div class=\"lightbox-image-container\">\n<figure class=\"wp-block-image size-large responsive-image\"><img decoding=\"async\" data-wp-bind--src=\"context.core.image.imageCurrentSrc\" data-wp-style--object-fit=\"selectors.core.image.lightboxObjectFit\" data-id=\"3011\" src=\"\" alt=\"\" class=\"wp-image-3011\"\/><figcaption class=\"wp-element-caption\">Unterbodenw\u00e4sche<\/figcaption><\/figure>\n<\/div>\n                <div class=\"lightbox-image-container\">\n<figure class=\"wp-block-image size-large enlarged-image\"><img decoding=\"async\" data-wp-bind--src=\"selectors.core.image.enlargedImgSrc\" data-wp-style--object-fit=\"selectors.core.image.lightboxObjectFit\" data-id=\"3011\" src=\"\" alt=\"\" class=\"wp-image-3011\"\/><figcaption class=\"wp-element-caption\">Unterbodenw\u00e4sche<\/figcaption><\/figure>\n<\/div>\n                <div class=\"scrim\" style=\"background-color: #fff\" aria-hidden=\"true\"><\/div>\n        <\/div><\/figure>\n<\/figure>\n\n\n\n<h3 class=\"wp-block-heading\">Anfahrt zum Start am Naturfreundehaus Niederrad<\/h3>\n\n\n\n<ul>\n<li>mit der Bahn (S8, S9) ab Station F-Niederrad sind es nur wenige hundert Meter bis zum <span style=\"color: #ff0000;\">Naturfreundehaus, Am Poloplatz 15<\/span><\/li>\n\n\n\n<li>mit der Stra\u00dfenbahn Linie 12, gleiche Station &nbsp;Bahnhof Niederrad.<\/li>\n\n\n\n<li>Autofahrende parken bitte wie gehabt an der Hahnstra\u00dfe 76, 60528 Frankfurt. <\/li>\n\n\n\n<li>Parken in der Golfstra\u00dfe ist nur sehr eingeschr\u00e4nkt m\u00f6glich, da es hier noch immer eine gro\u00dfe Baustelle gibt.  Es wird gen\u00fcgend Parkpl\u00e4tze auf dem Gel\u00e4nde der TSG (Hahnstra\u00dfe 76) geben.<\/li>\n<\/ul>\n\n\n<div class=\"wp-block-image\">\n<figure class=\"aligncenter is-resized\"><a href=\"http:\/\/rsc-edelweiss.de\/wp-content\/uploads\/2018\/02\/Bildschirmfoto-2018-02-19-um-15.58.58.png\" rel=\"noopener noreferrer\"><img loading=\"lazy\" decoding=\"async\" width=\"1406\" height=\"763\" src=\"http:\/\/rsc-edelweiss.de\/wp-content\/uploads\/2018\/02\/Bildschirmfoto-2018-02-19-um-15.58.58.png\" alt=\"\" class=\"wp-image-1692\" style=\"width:455px;height:auto\" srcset=\"https:\/\/rsc-edelweiss.de\/wp-content\/uploads\/2018\/02\/Bildschirmfoto-2018-02-19-um-15.58.58.png 1406w, https:\/\/rsc-edelweiss.de\/wp-content\/uploads\/2018\/02\/Bildschirmfoto-2018-02-19-um-15.58.58-300x163.png 300w, https:\/\/rsc-edelweiss.de\/wp-content\/uploads\/2018\/02\/Bildschirmfoto-2018-02-19-um-15.58.58-768x417.png 768w, https:\/\/rsc-edelweiss.de\/wp-content\/uploads\/2018\/02\/Bildschirmfoto-2018-02-19-um-15.58.58-1024x556.png 1024w\" sizes=\"(max-width: 1406px) 100vw, 1406px\" \/><\/a><figcaption class=\"wp-element-caption\">Liebevolle Ausschilderung<\/figcaption><\/figure><\/div>\n\n\n<h3 class=\"wp-block-heading\">Strecken<\/h3>\n\n\n\n<p>Es gibt drei Strecken: &nbsp;40km, 50km und 70km. Download kurz vor der Veranstaltung <a href=\"https:\/\/rsc-edelweiss.de\/?page_id=2487\" target=\"_blank\" rel=\"noopener\">hier<\/a>.  Alle Strecken sind dar\u00fcberhinaus sorgf\u00e4ltig ausgeschildert. <\/p>\n\n\n\n<p>Die kurze Strecke h\u00e4lt sich hart am Zaun der Startbahn West, die beiden l\u00e4ngeren Touren machen einen mehr oder weniger gro\u00dfen Bogen um den Flughafen.<br> Alle Strecken f\u00fchren \u00fcber gut ausgebaute Forstpisten, Waldwege und in kurzen Abschnitten auch \u00fcber Singletrails. Anstiege und Abfahrten sind nicht in nennenswertem Umfang zu erwarten. Dennoch wird ein solides Fahrrad (Mountainbike, Gravelbike, &nbsp;Crosser oder E-Bike bis 25km\/h) mit guten Bremsen und Reifen vorausgesetzt.<br> Streckenmarkierung erfolgt durch Schilder und Kreidespray.<\/p>\n\n\n<div class=\"wp-block-image\">\n<figure class=\"aligncenter is-resized\"><a href=\"http:\/\/rsc-edelweiss.de\/wp-content\/uploads\/2017\/02\/sprayer.jpg\"><img loading=\"lazy\" decoding=\"async\" width=\"1000\" height=\"689\" src=\"http:\/\/rsc-edelweiss.de\/wp-content\/uploads\/2017\/02\/sprayer.jpg\" alt=\"\" class=\"wp-image-1106\" style=\"width:383px;height:auto\" srcset=\"https:\/\/rsc-edelweiss.de\/wp-content\/uploads\/2017\/02\/sprayer.jpg 1000w, https:\/\/rsc-edelweiss.de\/wp-content\/uploads\/2017\/02\/sprayer-300x207.jpg 300w, https:\/\/rsc-edelweiss.de\/wp-content\/uploads\/2017\/02\/sprayer-768x529.jpg 768w\" sizes=\"(max-width: 1000px) 100vw, 1000px\" \/><\/a><figcaption class=\"wp-element-caption\">Der Wald ist Naherholungsgebiet f\u00fcr hunderttausend Menschen und R\u00fcckzugsgebiet f\u00fcr zahlreiche Tiere. Es wird dringend um umsichtiges, defensives Fahrverhalten gebeten.<\/figcaption><\/figure><\/div>\n\n\n<h3 class=\"wp-block-heading\">Allgemeine Bedingungen<\/h3>\n\n\n\n<p class=\"has-black-color has-text-color has-link-color wp-elements-2bd2dcae2fe8948078af9b6ce96f5823\">Bitte hinterlasst im Wald keinen M\u00fcll oder gar Essensreste. Verlasst die Wege nicht, um kein Wild aufzuschrecken. <strong>Wir bitten wir euch dringend um r\u00fccksichtsvolles Fahren. Fu\u00dfg\u00e4ngerinnen freuen sich \u00fcber ein freundliches &#8222;Klingeling&#8220; und besonders (!), wenn in moderatem Tempo \u00fcberholt wird. Wir alle gehen auch hin und wieder zu Fu\u00df&#8230;<\/strong><\/p>\n\n\n\n<p><strong>Veranstaltungstag<\/strong>: Sonntag, xxxxx<br> <strong>Start und Ziel<\/strong>: <span style=\"color: #000000;\">60528 Frankfurt-Niederrad, Naturfreundehaus am Poloplatz 15<\/span><strong>,<\/strong> <span style=\"color: #ff0000;\"><strong>Parken bitte in der Hahnstra\u00dfe 76<\/strong><\/span>. Auf dem Sportplatz der TSG gibt es genug Parkpl\u00e4tze f\u00fcr alle.<br> <strong>Startzeit<\/strong>: Alle Touren: 8.00h &#8211; 10.00h Strecken: 40km, 50km und 70km. Anmeldung mit und auch ohne BDR Touren-App m\u00f6glich.<br> <strong>Kontrollschluss<\/strong>: 14.00 Uhr. Um 12.00h letzte Einfahrt in die 70er Schleife ab KP Walldorf Badesee<br> <strong>Startgeld<\/strong> (kann vor Ort in bar <strong>oder mit Karte<\/strong> bezahlt werden): mit Breitensportlizenz 6,00 \u20ac &#8211; ohne Breitensportlizenz 9,00\u20ac. Kinder\/Jugendliche unter 18 Jahre fahren frei &#8211; unter 14 Jahren nur in Begleitung einer\/s Erwachsenen<br> <b>Anmeldung nur am Start &#8211; keine Voranmeldung m\u00f6glich.&nbsp;<\/b><br> <strong>Versicherung:<\/strong> Jede\/r TeilnehmerIn f\u00e4hrt auf eigene Rechnung und Gefahr. Im Wald gilt besondere R\u00fccksicht auf Mensch und Tier.<br> Bei Veranstaltungen im Rahmen des BDR besteht Helmpflicht.<br> <strong>Startkarte<\/strong>: Wird am Start ausgegeben.<br> <strong>Verpflegung:<\/strong> Hei\u00dfe und kalte Getr\u00e4nke sowie Snacks, Kuchen, Obst&#8230; an den Kontrollstellen.&nbsp;Bitte Trinkflaschen mitbringen.<br> <strong>Ausk\u00fcnfte<\/strong>: \u202d+49 172 xxxxx\u202c, info@rsc-edelweiss.de<br> <strong>Besonderes:<\/strong>&nbsp;Wir behalten uns vor, die Veranstaltung bei besonders schlechtem Wetter als Orientierungs-CTF, d.h ohne Ausschilderung aber stattdessen in gef\u00fchrten Gruppen bzw. bei individueller Teilnahme mittels GPS-Tracking durchzuf\u00fchren. Bitte kurzfristige \u00c4nderungen auf dieser Website in Erfahrung bringen.<\/p>\n","protected":false},"excerpt":{"rendered":"<p>Willkommen auf der Website mit allen Infos \u00fcber die edelwei\u00dfe CTF. Vielen Dank f\u00fcr euer zahlreiches Kommen zu unserer CTF &#8222;Runde um den Frankfurter Flughafen&#8220;. Alle aktiven Edelwei\u00dfe hatten gro\u00dfe Freude daran, dass so viele zu unserem Winterevent gekommen sind. Es war viel Arbeit aber wir haben gesp\u00fcrt, dass unser Angebot mit viel Anerkennung angenommen &hellip; <a href=\"https:\/\/rsc-edelweiss.de\/?page_id=90\" class=\"more-link\"><span class=\"screen-reader-text\">Edelwei\u00df CTF &#8222;Runde um den Frankfurter Flughafen&#8220; am 8. Februar 2026<\/span> weiterlesen <span class=\"meta-nav\">&rarr;<\/span><\/a><\/p>\n","protected":false},"author":7,"featured_media":1105,"parent":38,"menu_order":10,"comment_status":"open","ping_status":"closed","template":"page-templates\/full-width.php","meta":{"footnotes":""},"_links":{"self":[{"href":"https:\/\/rsc-edelweiss.de\/index.php?rest_route=\/wp\/v2\/pages\/90"}],"collection":[{"href":"https:\/\/rsc-edelweiss.de\/index.php?rest_route=\/wp\/v2\/pages"}],"about":[{"href":"https:\/\/rsc-edelweiss.de\/index.php?rest_route=\/wp\/v2\/types\/page"}],"author":[{"embeddable":true,"href":"https:\/\/rsc-edelweiss.de\/index.php?rest_route=\/wp\/v2\/users\/7"}],"replies":[{"embeddable":true,"href":"https:\/\/rsc-edelweiss.de\/index.php?rest_route=%2Fwp%2Fv2%2Fcomments&post=90"}],"version-history":[{"count":161,"href":"https:\/\/rsc-edelweiss.de\/index.php?rest_route=\/wp\/v2\/pages\/90\/revisions"}],"predecessor-version":[{"id":3020,"href":"https:\/\/rsc-edelweiss.de\/index.php?rest_route=\/wp\/v2\/pages\/90\/revisions\/3020"}],"up":[{"embeddable":true,"href":"https:\/\/rsc-edelweiss.de\/index.php?rest_route=\/wp\/v2\/pages\/38"}],"wp:featuredmedia":[{"embeddable":true,"href":"https:\/\/rsc-edelweiss.de\/index.php?rest_route=\/wp\/v2\/media\/1105"}],"wp:attachment":[{"href":"https:\/\/rsc-edelweiss.de\/index.php?rest_route=%2Fwp%2Fv2%2Fmedia&parent=90"}],"curies":[{"name":"wp","href":"https:\/\/api.w.org\/{rel}","templated":true}]}}